{"id":16071,"date":"2021-11-05T09:59:22","date_gmt":"2021-11-05T09:59:22","guid":{"rendered":"https:\/\/fotogasteiz.com\/blog\/?page_id=16071"},"modified":"2021-11-05T10:08:41","modified_gmt":"2021-11-05T10:08:41","slug":"alfred-stieglitz-vida-obra-biografia","status":"publish","type":"page","link":"https:\/\/fotogasteiz.com\/blog\/fotografos\/alfred-stieglitz-vida-obra-biografia\/","title":{"rendered":"Alfred Stieglitz"},"content":{"rendered":"<div data-label=\"About\" data-id=\"about--1\" data-export-id=\"about-10\" data-category=\"about\" class=\"about-10 content-section content-section-spacing\" id=\"about-1\"  style=\"background-color: rgb(255, 255, 255);\"><div class=\"gridContainer\" > <div class=\"row middle-sm text-center\" ><div class=\"col-sm-5 space-bottom-xs content-column\" data-type=\"column\" > <h5 class=\"\" ><span style=\"color: rgb(3, 169, 244);\" >Vida &#8211; Obra &#8211; Biograf\u00eda<\/span><\/h5> <p  class=\"lead\">GRANDES FOT\u00d3GRAFOS Y FOT\u00d3GRAFAS<\/p><h2 class=\"\" ><span style=\"font-family: &quot;Playfair Display&quot;, arial, helvetica, sans-serif; color: rgb(0, 0, 0);\" >Alfred Stieglitz<\/span><\/h2> <p class=\"\" ><span style=\"font-family: Muli, arial, helvetica, sans-serif; color: rgb(60, 66, 79);\" ><span style=\"font-weight: 900;\" >Alfred Stieglitz<\/span>&nbsp;(1864-1946) fue un pionero revolucionario de la fotograf\u00eda que anhel\u00f3 siempre que se considerara como un arte a la altura de otras como la pintura o la escultura.\n<\/span><br ><br ><span style=\"font-family: Muli, arial, helvetica, sans-serif; color: rgb(60, 66, 79);\" >Un visionario. Un fot\u00f3grafo muy culto, escritor, editor y galerista que cre\u00f3 el movimiento fotogr\u00e1fico denominado como la <span style=\"font-weight: 900;\" >Foto-Secesi\u00f3n<\/span>, puente entre el pictorialismo y la fotograf\u00eda moderna que dot\u00f3 al medio de un lenguaje y una gram\u00e1tica propios.\n<\/span><br ><br ><span style=\"font-family: Muli, arial, helvetica, sans-serif; color: rgb(60, 66, 79);\" >Consideraba, antes que ning\u00fan otro fot\u00f3grafo, que adem\u00e1s de una potente forma de expresi\u00f3n, la fotograf\u00eda era un arte con may\u00fasculas y abander\u00f3 varias revoluciones est\u00e9ticas con el cambio de siglo.<\/span><\/p> <p  class=\"\"><span style=\"font-weight: 700; font-style: italic; color: rgb(255, 51, 105);\" >\u00daltima actualizaci\u00f3n: noviembre de 2021<\/span><\/p><\/div> <div class=\"col-sm-7 flexbox middle-xs center-xs space-bottom-xs\" ><div class=\"overlay-box middle-xs center-xs flexbox\" > <div class=\"overlay-box-offset offset-border shadow-medium border-color1 hide-xs\" ><\/div> <img decoding=\"async\" class=\"shadow-large lazyload\" data-size=\"485x705\" data-src=\"https:\/\/fotogasteiz.com\/blog\/wp-content\/smush-avif\/2021\/11\/alfred-stieglitz-scaled.jpeg.avif\"  title=\"alfred stieglitz\" alt=\"\" src=\"data:image\/svg+xml;base64,PHN2ZyB3aWR0aD0iMSIgaGVpZ2h0PSIxIiB4bWxucz0iaHR0cDovL3d3dy53My5vcmcvMjAwMC9zdmciPjwvc3ZnPg==\" style=\"--smush-placeholder-width: 2166px; --smush-placeholder-aspect-ratio: 2166\/2560;\"><\/div> <\/div><\/div> <\/div><\/div>","protected":false},"excerpt":{"rendered":"<p>Vida &#8211; Obra &#8211; Biograf\u00eda GRANDES FOT\u00d3GRAFOS Y FOT\u00d3GRAFASAlfred Stieglitz Alfred Stieglitz&nbsp;(1864-1946) fue un pionero revolucionario de la fotograf\u00eda que anhel\u00f3 siempre que se considerara como un arte a la altura de otras como la pintura o la escultura. Un visionario. Un fot\u00f3grafo muy culto, escritor, editor y galerista que cre\u00f3 el movimiento fotogr\u00e1fico denominado&hellip; <br \/> <a class=\"read-more\" href=\"https:\/\/fotogasteiz.com\/blog\/fotografos\/alfred-stieglitz-vida-obra-biografia\/\">Read more<\/a><\/p>\n","protected":false},"author":1,"featured_media":0,"parent":1689,"menu_order":0,"comment_status":"closed","ping_status":"closed","template":"pro\/page-templates\/full-width-page.php","meta":{"footnotes":""},"class_list":["post-16071","page","type-page","status-publish","hentry"],"yoast_head":"<!-- This site is optimized with the Yoast SEO Premium plugin v22.5 (Yoast SEO v27.4) - https:\/\/yoast.com\/product\/yoast-seo-premium-wordpress\/ -->\n<title>Alfred Stieglitz - Profesor de fotograf\u00eda<\/title>\n<meta name=\"description\" content=\"Alfred Stieglitz fue un pionero revolucionario de la fotograf\u00eda que la convirti\u00f3 en Arte. Un visionario. Un fot\u00f3grafo muy culto, escritor, editor y galerista que cre\u00f3 el movimiento fotogr\u00e1fico denominado como la Foto-Secesi\u00f3n\" \/>\n<meta name=\"robots\" content=\"index, follow, max-snippet:-1, max-image-preview:large, max-video-preview:-1\" \/>\n<link rel=\"canonical\" href=\"https:\/\/fotogasteiz.com\/blog\/fotografos\/alfred-stieglitz-vida-obra-biografia\/\" \/>\n<meta property=\"og:locale\" content=\"es_ES\" \/>\n<meta property=\"og:type\" content=\"article\" \/>\n<meta property=\"og:title\" content=\"Alfred Stieglitz\" \/>\n<meta property=\"og:description\" content=\"Alfred Stieglitz fue un pionero revolucionario de la fotograf\u00eda que la convirti\u00f3 en Arte. Un visionario. Un fot\u00f3grafo muy culto, escritor, editor y galerista que cre\u00f3 el movimiento fotogr\u00e1fico denominado como la Foto-Secesi\u00f3n\" \/>\n<meta property=\"og:url\" content=\"https:\/\/fotogasteiz.com\/blog\/fotografos\/alfred-stieglitz-vida-obra-biografia\/\" \/>\n<meta property=\"og:site_name\" content=\"Profesor de fotograf\u00eda\" \/>\n<meta property=\"article:modified_time\" content=\"2021-11-05T10:08:41+00:00\" \/>\n<meta property=\"og:image\" content=\"https:\/\/fotogasteiz.com\/blog\/wp-content\/uploads\/2021\/11\/alfred-stieglitz-scaled.jpeg\" \/>\n<meta name=\"twitter:card\" content=\"summary_large_image\" \/>\n<meta name=\"twitter:label1\" content=\"Tiempo de lectura\" \/>\n\t<meta name=\"twitter:data1\" content=\"1 minuto\" \/>\n<script type=\"application\/ld+json\" class=\"yoast-schema-graph\">{\"@context\":\"https:\\\/\\\/schema.org\",\"@graph\":[{\"@type\":\"WebPage\",\"@id\":\"https:\\\/\\\/fotogasteiz.com\\\/blog\\\/fotografos\\\/alfred-stieglitz-vida-obra-biografia\\\/\",\"url\":\"https:\\\/\\\/fotogasteiz.com\\\/blog\\\/fotografos\\\/alfred-stieglitz-vida-obra-biografia\\\/\",\"name\":\"Alfred Stieglitz - Profesor de fotograf\u00eda\",\"isPartOf\":{\"@id\":\"https:\\\/\\\/fotogasteiz.com\\\/blog\\\/#website\"},\"primaryImageOfPage\":{\"@id\":\"https:\\\/\\\/fotogasteiz.com\\\/blog\\\/fotografos\\\/alfred-stieglitz-vida-obra-biografia\\\/#primaryimage\"},\"image\":{\"@id\":\"https:\\\/\\\/fotogasteiz.com\\\/blog\\\/fotografos\\\/alfred-stieglitz-vida-obra-biografia\\\/#primaryimage\"},\"thumbnailUrl\":\"https:\\\/\\\/fotogasteiz.com\\\/blog\\\/wp-content\\\/uploads\\\/2021\\\/11\\\/alfred-stieglitz-scaled.jpeg\",\"datePublished\":\"2021-11-05T09:59:22+00:00\",\"dateModified\":\"2021-11-05T10:08:41+00:00\",\"description\":\"Alfred Stieglitz fue un pionero revolucionario de la fotograf\u00eda que la convirti\u00f3 en Arte. Un visionario. Un fot\u00f3grafo muy culto, escritor, editor y galerista que cre\u00f3 el movimiento fotogr\u00e1fico denominado como la Foto-Secesi\u00f3n\",\"breadcrumb\":{\"@id\":\"https:\\\/\\\/fotogasteiz.com\\\/blog\\\/fotografos\\\/alfred-stieglitz-vida-obra-biografia\\\/#breadcrumb\"},\"inLanguage\":\"es\",\"potentialAction\":[{\"@type\":\"ReadAction\",\"target\":[\"https:\\\/\\\/fotogasteiz.com\\\/blog\\\/fotografos\\\/alfred-stieglitz-vida-obra-biografia\\\/\"]}]},{\"@type\":\"ImageObject\",\"inLanguage\":\"es\",\"@id\":\"https:\\\/\\\/fotogasteiz.com\\\/blog\\\/fotografos\\\/alfred-stieglitz-vida-obra-biografia\\\/#primaryimage\",\"url\":\"https:\\\/\\\/fotogasteiz.com\\\/blog\\\/wp-content\\\/uploads\\\/2021\\\/11\\\/alfred-stieglitz-scaled.jpeg\",\"contentUrl\":\"https:\\\/\\\/fotogasteiz.com\\\/blog\\\/wp-content\\\/uploads\\\/2021\\\/11\\\/alfred-stieglitz-scaled.jpeg\",\"width\":2166,\"height\":2560},{\"@type\":\"BreadcrumbList\",\"@id\":\"https:\\\/\\\/fotogasteiz.com\\\/blog\\\/fotografos\\\/alfred-stieglitz-vida-obra-biografia\\\/#breadcrumb\",\"itemListElement\":[{\"@type\":\"ListItem\",\"position\":1,\"name\":\"Portada\",\"item\":\"https:\\\/\\\/fotogasteiz.com\\\/blog\\\/\"},{\"@type\":\"ListItem\",\"position\":2,\"name\":\"Fot\u00f3grafos y fot\u00f3grafas (biograf\u00edas)\",\"item\":\"https:\\\/\\\/fotogasteiz.com\\\/blog\\\/fotografos\\\/\"},{\"@type\":\"ListItem\",\"position\":3,\"name\":\"Alfred Stieglitz\"}]},{\"@type\":\"WebSite\",\"@id\":\"https:\\\/\\\/fotogasteiz.com\\\/blog\\\/#website\",\"url\":\"https:\\\/\\\/fotogasteiz.com\\\/blog\\\/\",\"name\":\"Profesor de fotograf\u00eda\",\"description\":\"por Gustavo Bravo\",\"potentialAction\":[{\"@type\":\"SearchAction\",\"target\":{\"@type\":\"EntryPoint\",\"urlTemplate\":\"https:\\\/\\\/fotogasteiz.com\\\/blog\\\/?s={search_term_string}\"},\"query-input\":{\"@type\":\"PropertyValueSpecification\",\"valueRequired\":true,\"valueName\":\"search_term_string\"}}],\"inLanguage\":\"es\"}]}<\/script>\n<!-- \/ Yoast SEO Premium plugin. -->","yoast_head_json":{"title":"Alfred Stieglitz - Profesor de fotograf\u00eda","description":"Alfred Stieglitz fue un pionero revolucionario de la fotograf\u00eda que la convirti\u00f3 en Arte. Un visionario. Un fot\u00f3grafo muy culto, escritor, editor y galerista que cre\u00f3 el movimiento fotogr\u00e1fico denominado como la Foto-Secesi\u00f3n","robots":{"index":"index","follow":"follow","max-snippet":"max-snippet:-1","max-image-preview":"max-image-preview:large","max-video-preview":"max-video-preview:-1"},"canonical":"https:\/\/fotogasteiz.com\/blog\/fotografos\/alfred-stieglitz-vida-obra-biografia\/","og_locale":"es_ES","og_type":"article","og_title":"Alfred Stieglitz","og_description":"Alfred Stieglitz fue un pionero revolucionario de la fotograf\u00eda que la convirti\u00f3 en Arte. Un visionario. Un fot\u00f3grafo muy culto, escritor, editor y galerista que cre\u00f3 el movimiento fotogr\u00e1fico denominado como la Foto-Secesi\u00f3n","og_url":"https:\/\/fotogasteiz.com\/blog\/fotografos\/alfred-stieglitz-vida-obra-biografia\/","og_site_name":"Profesor de fotograf\u00eda","article_modified_time":"2021-11-05T10:08:41+00:00","og_image":[{"url":"https:\/\/fotogasteiz.com\/blog\/wp-content\/uploads\/2021\/11\/alfred-stieglitz-scaled.jpeg","type":"","width":"","height":""}],"twitter_card":"summary_large_image","twitter_misc":{"Tiempo de lectura":"1 minuto"},"schema":{"@context":"https:\/\/schema.org","@graph":[{"@type":"WebPage","@id":"https:\/\/fotogasteiz.com\/blog\/fotografos\/alfred-stieglitz-vida-obra-biografia\/","url":"https:\/\/fotogasteiz.com\/blog\/fotografos\/alfred-stieglitz-vida-obra-biografia\/","name":"Alfred Stieglitz - Profesor de fotograf\u00eda","isPartOf":{"@id":"https:\/\/fotogasteiz.com\/blog\/#website"},"primaryImageOfPage":{"@id":"https:\/\/fotogasteiz.com\/blog\/fotografos\/alfred-stieglitz-vida-obra-biografia\/#primaryimage"},"image":{"@id":"https:\/\/fotogasteiz.com\/blog\/fotografos\/alfred-stieglitz-vida-obra-biografia\/#primaryimage"},"thumbnailUrl":"https:\/\/fotogasteiz.com\/blog\/wp-content\/uploads\/2021\/11\/alfred-stieglitz-scaled.jpeg","datePublished":"2021-11-05T09:59:22+00:00","dateModified":"2021-11-05T10:08:41+00:00","description":"Alfred Stieglitz fue un pionero revolucionario de la fotograf\u00eda que la convirti\u00f3 en Arte. Un visionario. Un fot\u00f3grafo muy culto, escritor, editor y galerista que cre\u00f3 el movimiento fotogr\u00e1fico denominado como la Foto-Secesi\u00f3n","breadcrumb":{"@id":"https:\/\/fotogasteiz.com\/blog\/fotografos\/alfred-stieglitz-vida-obra-biografia\/#breadcrumb"},"inLanguage":"es","potentialAction":[{"@type":"ReadAction","target":["https:\/\/fotogasteiz.com\/blog\/fotografos\/alfred-stieglitz-vida-obra-biografia\/"]}]},{"@type":"ImageObject","inLanguage":"es","@id":"https:\/\/fotogasteiz.com\/blog\/fotografos\/alfred-stieglitz-vida-obra-biografia\/#primaryimage","url":"https:\/\/fotogasteiz.com\/blog\/wp-content\/uploads\/2021\/11\/alfred-stieglitz-scaled.jpeg","contentUrl":"https:\/\/fotogasteiz.com\/blog\/wp-content\/uploads\/2021\/11\/alfred-stieglitz-scaled.jpeg","width":2166,"height":2560},{"@type":"BreadcrumbList","@id":"https:\/\/fotogasteiz.com\/blog\/fotografos\/alfred-stieglitz-vida-obra-biografia\/#breadcrumb","itemListElement":[{"@type":"ListItem","position":1,"name":"Portada","item":"https:\/\/fotogasteiz.com\/blog\/"},{"@type":"ListItem","position":2,"name":"Fot\u00f3grafos y fot\u00f3grafas (biograf\u00edas)","item":"https:\/\/fotogasteiz.com\/blog\/fotografos\/"},{"@type":"ListItem","position":3,"name":"Alfred Stieglitz"}]},{"@type":"WebSite","@id":"https:\/\/fotogasteiz.com\/blog\/#website","url":"https:\/\/fotogasteiz.com\/blog\/","name":"Profesor de fotograf\u00eda","description":"por Gustavo Bravo","potentialAction":[{"@type":"SearchAction","target":{"@type":"EntryPoint","urlTemplate":"https:\/\/fotogasteiz.com\/blog\/?s={search_term_string}"},"query-input":{"@type":"PropertyValueSpecification","valueRequired":true,"valueName":"search_term_string"}}],"inLanguage":"es"}]}},"_links":{"self":[{"href":"https:\/\/fotogasteiz.com\/blog\/wp-json\/wp\/v2\/pages\/16071","targetHints":{"allow":["GET"]}}],"collection":[{"href":"https:\/\/fotogasteiz.com\/blog\/wp-json\/wp\/v2\/pages"}],"about":[{"href":"https:\/\/fotogasteiz.com\/blog\/wp-json\/wp\/v2\/types\/page"}],"author":[{"embeddable":true,"href":"https:\/\/fotogasteiz.com\/blog\/wp-json\/wp\/v2\/users\/1"}],"replies":[{"embeddable":true,"href":"https:\/\/fotogasteiz.com\/blog\/wp-json\/wp\/v2\/comments?post=16071"}],"version-history":[{"count":3,"href":"https:\/\/fotogasteiz.com\/blog\/wp-json\/wp\/v2\/pages\/16071\/revisions"}],"predecessor-version":[{"id":16077,"href":"https:\/\/fotogasteiz.com\/blog\/wp-json\/wp\/v2\/pages\/16071\/revisions\/16077"}],"up":[{"embeddable":true,"href":"https:\/\/fotogasteiz.com\/blog\/wp-json\/wp\/v2\/pages\/1689"}],"wp:attachment":[{"href":"https:\/\/fotogasteiz.com\/blog\/wp-json\/wp\/v2\/media?parent=16071"}],"curies":[{"name":"wp","href":"https:\/\/api.w.org\/{rel}","templated":true}]}}