{"id":16081,"date":"2021-11-11T12:27:56","date_gmt":"2021-11-11T12:27:56","guid":{"rendered":"https:\/\/fotogasteiz.com\/blog\/?page_id=16081"},"modified":"2021-11-11T13:24:37","modified_gmt":"2021-11-11T13:24:37","slug":"weegee-usher-fellig-vida-obra-biografia","status":"publish","type":"page","link":"https:\/\/fotogasteiz.com\/blog\/fotografos\/weegee-usher-fellig-vida-obra-biografia\/","title":{"rendered":"Weegee (Usher Fellig)"},"content":{"rendered":"<div  data-label=\"intro\" data-id=\"about--2\" data-export-id=\"about-10\" data-category=\"about\" class=\"about-10 content-section content-section-spacing\" id=\"intro\" style=\"background-color: rgb(255, 255, 255); background-image: none;\"><div  class=\"gridContainer\"> <div  class=\"row middle-sm text-center\"><div  class=\"col-sm-5 space-bottom-xs content-column\" data-type=\"column\">  <p  class=\"lead\">GRANDES FOT\u00d3GRAFOS Y FOT\u00d3GRAFAS<\/p><h5  class=\"\"><span  style=\"color: rgb(255, 51, 105);\">VIDA \u2013 OBRA \u2013 BIOGRAF\u00cdA<\/span><\/h5><h2  class=\"\"><span  style=\"font-family: &quot;Playfair Display&quot;, arial, helvetica, sans-serif; color: rgb(0, 0, 0);\">Weegee<\/span><br ><span  style=\"font-family: &quot;Playfair Display&quot;, arial, helvetica, sans-serif; color: rgb(0, 0, 0); font-weight: 400;\">\n(Usher Fellig)<\/span><\/h2> <p  class=\"\">Lorem ipsum dolor sit amet, consectetur adipisicing elit, sed do eiusmod tempor incididunt ut labore et dolore magna aliqua. Ut enim ad minim veniam, quis nostrud exercitation ullamco laboris nisi ut aliquip ex ea commodo consequat.<\/p> <p  class=\"\"><span  style=\"font-weight: 700; font-style: italic; color: rgb(255, 51, 105);\">\u00daltima actualizaci\u00f3n: noviembre 2021<\/span><\/p><\/div> <div  class=\"col-sm-7 flexbox middle-xs center-xs space-bottom-xs\"><div  class=\"overlay-box middle-xs center-xs flexbox\"> <div  class=\"overlay-box-offset offset-border shadow-medium border-color1 hide-xs\"><\/div> <a data-cp-link=\"1\" href=\"#\" target=\"_self\" rel=\"noopener\"><img decoding=\"async\" loading=\"lazy\"  class=\"shadow-large lazy loaded\" data-size=\"485x705\" src=\"https:\/\/fotogasteiz.com\/blog\/wp-content\/uploads\/2021\/11\/weegee-manifestacion.jpeg\" data-src=\"https:\/\/i1.wp.com\/fotogasteiz.com\/blog\/wp-content\/uploads\/2021\/11\/Weegee-retrato.jpeg?w=3840&amp;ssl=1\" title=\"Weegee retrato\" alt=\"\" data-was-processed=\"true\"><\/a><\/div> <\/div><\/div> <\/div><\/div><div data-label=\"Cta\" data-id=\"cta--1\" data-export-id=\"cta-centered-section-grid\" data-category=\"cta\" class=\"cta-centered-section-grid content-section content-section-spacing-medium bg-color1 white-text\" id=\"cta-1\"  style=\"background-image: none; background-color: rgb(255, 51, 105);\"><div class=\"gridContainer\" > <div class=\"row text-center\" ><div class=\"col-xs-12 col-sm-10 col-sm-offset-1 col-md-8 col-md-offset-2\" data-type=\"column\" > <h2 class=\"\" ><span style=\"font-family: &quot;Playfair Display&quot;, arial, helvetica, sans-serif; font-style: italic;\" >\u00abEs excitante. Es peligroso. Es gracioso. Es duro. Es desgarrador\u00bb<\/span><\/h2> <p class=\"\" >&#8211; Weegee<\/p> <\/div> <\/div><\/div> <\/div><div  data-label=\"primeros anos\" data-id=\"content--1\" data-export-id=\"content-8\" data-category=\"content\" class=\"content-8 content-section content-section-spacing\" id=\"primeros-anos\" style=\"background-color: rgb(245, 250, 253);\"><div  class=\"gridContainer\"> <div  class=\"row middle-sm\"><div  class=\"col-sm-6 space-bottom-xs space-top-xs\" data-type=\"column\"> <img decoding=\"async\"  loading=\"lazy\" class=\"shadow-large lazy loaded\" src=\"https:\/\/i1.wp.com\/fotogasteiz.com\/blog\/wp-content\/uploads\/2021\/11\/weegee-retrato-con-ca\u0301mara-fuelle.png?w=3840&amp;ssl=1\" data-src=\"https:\/\/i1.wp.com\/fotogasteiz.com\/blog\/wp-content\/uploads\/2021\/11\/weegee-retrato-con-ca\u0301mara-fuelle.png?w=3840&amp;ssl=1\" title=\"weegee retrato con ca\u0301mara fuelle\" alt=\"\" width=\"586\" height=\"586\" data-was-processed=\"true\"><\/div> <div  class=\"col-sm-6\" data-type=\"column\"><p  class=\"lead\"><span  style=\"font-family: Muli, arial, helvetica, sans-serif; font-weight: 900; color: rgb(255, 51, 105);\">PRIMEROS A\u00d1OS<\/span><\/p><h2  class=\"\"><span  style=\"font-family: &quot;Playfair Display&quot;, arial, helvetica, sans-serif; color: rgb(0, 0, 0);\">Biograf\u00eda de Weegee&nbsp;<\/span><\/h2> <p  class=\"\"><span  style=\"font-family: Muli, arial, helvetica, sans-serif; color: rgb(52, 58, 64);\"><span style=\"font-weight: 900;\" >Usher Fellig<\/span> naci\u00f3 en 1899 en Zlotshov, Austria, en lo que hoy es Ucrania. \n<br ><br >En busca de una nueva vida en los Estados Unidos, Usher se mud\u00f3 a la ciudad de Nueva York en 1909 con su madre y sus tres hermanos, donde les esperaba su padre. El nombre de Usher se cambi\u00f3 por Arthur al llegar.\n<br >&nbsp;&nbsp;<\/span><br ><span  style=\"font-family: Muli, arial, helvetica, sans-serif; color: rgb(52, 58, 64);\">\nEn 1903 y se instal\u00f3 en el Lower East Side de Manhattan.\n\n<\/span><br ><span  style=\"font-family: Muli, arial, helvetica, sans-serif; color: rgb(52, 58, 64);\">\nLa vida era dif\u00edcil en la ciudad de Nueva York para la familia de Arthur. Nunca termin\u00f3 la escuela. Como la mayor\u00eda de las familias inmigrantes, renunci\u00f3 para poder ayudar a mantener a su familia. \n<br ><br >Ocup\u00f3 varios trabajos durante los a\u00f1os siguientes, pero a menudo se encontr\u00f3 luchando. Sin embargo, durante este tiempo descubri\u00f3 la fotograf\u00eda. Trabaj\u00f3 para un fot\u00f3grafo comercial como asistente, en un momento como fot\u00f3grafo callejero vendiendo&nbsp;<\/span><span  style=\"font-family: Muli, arial, helvetica, sans-serif; color: rgb(52, 58, 64);\">retratos. \n<br ><br >Sin embargo, todav\u00eda le resultaba dif\u00edcil ganarse la vida como fot\u00f3grafo.<\/span><\/p> <\/div> <\/div><\/div> <\/div><div  data-label=\"primeros trabajos\" data-id=\"content--2\" data-export-id=\"content-7\" data-category=\"content\" class=\"content-7 content-section content-section-spacing\" id=\"primeros-trabajos\" style=\"background-color: rgb(245, 250, 253); background-image: none;\"><div  class=\"gridContainer\"> <div  class=\"row middle-sm\"><div  class=\"col-sm-6 space-bottom-xs\" data-type=\"column\"> <p  class=\"lead\"><span  style=\"font-family: Muli, arial, helvetica, sans-serif; font-weight: 900; color: rgb(255, 51, 105);\">BIOGRAF\u00cdA DE WEEGEE<\/span><\/p><h2  class=\"\"><span  style=\"font-family: &quot;Playfair Display&quot;, arial, helvetica, sans-serif; color: rgb(0, 0, 0);\">Primeros trabajos fotogr\u00e1ficos<\/span><\/h2> <p  class=\"\"><span  style=\"font-family: Muli, arial, helvetica, sans-serif; color: rgb(52, 58, 64);\">Aunque tuvo que buscar otro trabajo, nunca abandon\u00f3 su deseo de seguir la profesi\u00f3n que eligi\u00f3. Acept\u00f3 entrar en el cuarto oscuro como \u00abchico limpiador\u00bb para el New York Times en 1921 y trabaj\u00f3 all\u00ed durante varios a\u00f1os,&nbsp;<\/span><span  style=\"font-family: Muli, arial, helvetica, sans-serif; color: rgb(52, 58, 64);\">antes de encontrar trabajo con una agencia de fotograf\u00eda nueva y pr\u00f3xima, <span  style=\"font-weight: 900;\">Acme Newspictures<\/span>.\n<\/span><br ><br ><span  style=\"font-family: Muli, arial, helvetica, sans-serif; color: rgb(52, 58, 64);\">Se uni\u00f3 a Acme Newspictures en 1924. Durante sus primeros a\u00f1os con Acme, Arthur trabaj\u00f3 en el cuarto oscuro como t\u00e9cnico. \n<br ><br >En 1929, ya hab\u00eda adoptado el nombre de <span  style=\"font-weight: 900;\">Weegee<\/span> y, a menudo, cubr\u00eda historias durante las primeras horas de la ma\u00f1ana. \n<br ><br >Viaj\u00f3 a Los \u00c1ngeles en 1932 para ayudar en la o<\/span><span  style=\"font-family: Muli, arial, helvetica, sans-serif; color: rgb(52, 58, 64);\">ficina de Los \u00c1ngeles de <span  style=\"font-weight: 900;\">Acme<\/span> como impresor durante los Juegos Ol\u00edmpicos. \n<br ><br ><span  style=\"font-weight: 900;\">Weegee<\/span> continu\u00f3 trabajando para Acme hasta 1935 antes de decidirse finalmente a trabajar como fot\u00f3grafo independiente.\n<\/span><br ><br ><span  style=\"font-family: Muli, arial, helvetica, sans-serif; color: rgb(52, 58, 64);\">\nEncontr\u00f3 la fama por primera vez en 1937 cuando la revista <span  style=\"font-weight: 900;\">Life<\/span> public\u00f3 una historia sobre su trabajo como fot\u00f3grafo de crimen en la ciudad de Nueva York.\n<br ><br > Al a\u00f1o siguiente, instal\u00f3 una radio policial en su autom\u00f3vil, lo que le permiti\u00f3 ser el primero en llegar al lugar. \n<br ><br >Con un amplio reconocimiento por su trabajo, <span  style=\"font-weight: 900;\">Weegee<\/span> se uni\u00f3 a <span  style=\"font-weight: 900;\">PM<\/span> en el verano de 1940. Junto con <span  style=\"font-weight: 900;\">PM<\/span>, las fotograf\u00edas de Weegee aparec\u00edan regularmente en los peri\u00f3dicos de Nueva York.<\/span><\/p> <\/div> <div  class=\"col-sm-6\" data-type=\"column\"> <img decoding=\"async\"  loading=\"lazy\" class=\"shadow-large lazy loaded\" src=\"https:\/\/i0.wp.com\/fotogasteiz.com\/blog\/wp-content\/uploads\/2021\/11\/weegee-retrato-joven-scaled.jpeg?w=3840&amp;ssl=1\" data-src=\"https:\/\/i0.wp.com\/fotogasteiz.com\/blog\/wp-content\/uploads\/2021\/11\/weegee-retrato-joven-scaled.jpeg?w=3840&amp;ssl=1\" title=\"weegee retrato joven\" alt=\"\" width=\"586\" height=\"586\" data-was-processed=\"true\"><\/div> <\/div><\/div> <\/div><div  data-label=\"fama\" data-id=\"content--3\" data-export-id=\"content-8\" data-category=\"content\" class=\"content-8 content-section content-section-spacing\" id=\"fama\" style=\"background-color: rgb(245, 250, 253); background-image: none;\"><div  class=\"gridContainer\"> <div  class=\"row middle-sm\"><div  class=\"col-sm-6 space-bottom-xs space-top-xs\" data-type=\"column\"> <img decoding=\"async\"  class=\"shadow-large lazy loaded\" src=\"https:\/\/i0.wp.com\/fotogasteiz.com\/blog\/wp-content\/uploads\/2021\/11\/weegee-trabajando.jpeg?w=3840&amp;ssl=1\" data-src=\"https:\/\/i0.wp.com\/fotogasteiz.com\/blog\/wp-content\/uploads\/2021\/11\/weegee-trabajando.jpeg?w=3840&amp;ssl=1\" title=\"weegee-trabajando\" alt=\"\" width=\"586\" height=\"586\" data-was-processed=\"true\"><\/div> <div  class=\"col-sm-6\" data-type=\"column\"><p  class=\"lead\"><span  style=\"font-family: Muli, arial, helvetica, sans-serif; font-weight: 900; color: rgb(255, 51, 105);\">BIOGRAF\u00cdA DE WEEGEE<\/span><\/p><h2  class=\"\"><span  style=\"font-family: &quot;Playfair Display&quot;, arial, helvetica, sans-serif; color: rgb(0, 0, 0);\">\u2018Murder is my business\u2019: la primera exposici\u00f3n<\/span><\/h2> <p  class=\"\"><span  style=\"font-family: Muli, arial, helvetica, sans-serif; color: rgb(52, 58, 64);\">En 1941 tuvo su primera exposici\u00f3n, \u2018<span  style=\"font-style: italic;\">Murder is My Business\u2019<\/span>. En 1943, una selecci\u00f3n de sus fotograf\u00edas fue incluida en la exposici\u00f3n Action Pholography del Museo de Arte Moderno. \n<br ><br >El \u00e9xito de Weegee: como fot\u00f3grafo de calle y del crimen se reflej\u00f3 igualmente en su bestseller de 1945, \u2018<span  style=\"font-style: italic;\">Naked city\u2019<\/span>. \n<\/span><br ><br ><span  style=\"font-family: Muli, arial, helvetica, sans-serif; color: rgb(52, 58, 64);\">Un a\u00f1o despu\u00e9s, lanz\u00f3 un segundo bestseller, \u2018Weegee\u2019s People\u2019. La combinaci\u00f3n de las dos publicaciones le vali\u00f3 a Weegee una proyecci\u00f3n nacional y el estrellato que siempre busc\u00f3.<\/span><\/p> <\/div> <\/div><\/div> <\/div><div  data-label=\"los angeles\" data-id=\"content--4\" data-export-id=\"content-7\" data-category=\"content\" class=\"content-7 content-section content-section-spacing\" id=\"los-angeles\" style=\"background-color: rgb(245, 250, 253);\"><div  class=\"gridContainer\"> <div  class=\"row middle-sm\"><div  class=\"col-sm-6 space-bottom-xs\" data-type=\"column\"> <p  class=\"lead\"><span  style=\"font-family: Muli, arial, helvetica, sans-serif; font-weight: 900; color: rgb(255, 51, 105);\">BIOGRAF\u00cdA DE WEEGEE<\/span><\/p><h2  class=\"\"><span  style=\"font-family: &quot;Playfair Display&quot;, arial, helvetica, sans-serif; color: rgb(0, 0, 0);\">\u00abQuiero ser actor\u00bb<\/span><br ><span  style=\"font-family: &quot;Playfair Display&quot;, arial, helvetica, sans-serif; color: rgb(0, 0, 0);\">Destino :Los \u00c1ngeles<\/span><\/h2> <p  class=\"\"><span  style=\"font-family: Muli, arial, helvetica, sans-serif; color: rgb(52, 58, 64);\">Weegee decidi\u00f3 aprovechar su nueva fama. En noviembre de 1947, se mud\u00f3 a Los \u00c1ngeles para seguir una carrera como actor en Hollywood.\n<\/span><br ><span  style=\"font-family: Muli, arial, helvetica, sans-serif; color: rgb(52, 58, 64);\">\nDesafortunadamente para Weegee, Hollywood no fue un sustituto de la ciudad de Nueva York. Se encontr\u00f3 luchando por triunfar como actor. \n<\/span><br ><br ><span  style=\"font-family: Muli, arial, helvetica, sans-serif; color: rgb(52, 58, 64);\">Weegee continu\u00f3 tomando fotograf\u00edas en Hollywood, pero carec\u00edan del atractivo espeluznante de su trabajo en Nueva York que lo hab\u00eda hecho famoso.<\/span><\/p> <\/div> <div  class=\"col-sm-6\" data-type=\"column\"> <img decoding=\"async\"  class=\"shadow-large lazy loaded\" src=\"https:\/\/fotogasteiz.com\/blog\/wp-content\/uploads\/2021\/11\/weegee-retrato-camara-cabeza-1.jpeg\" data-src=\"https:\/\/i1.wp.com\/fotogasteiz.com\/blog\/wp-content\/plugins\/mesmerize-companion\/theme-data\/mesmerize\/sections\/images\/apple-1838564.jpg?w=3840&amp;ssl=1\" data-was-processed=\"true\" title=\"weegee-retrato camara cabeza\" alt=\"\"><\/div> <\/div><\/div> <\/div><div  data-label=\"Content\" data-id=\"content--5\" data-export-id=\"content-8\" data-category=\"content\" class=\"content-8 content-section content-section-spacing\" id=\"content-1\" style=\"background-color: rgb(245, 250, 253); background-image: none;\"><div  class=\"gridContainer\"> <div  class=\"row middle-sm\"><div  class=\"col-sm-6 space-bottom-xs space-top-xs\" data-type=\"column\"> <img decoding=\"async\"  class=\"shadow-large lazy loaded\" src=\"https:\/\/fotogasteiz.com\/blog\/wp-content\/uploads\/2021\/11\/weegee-retrato-hasselblad.jpeg\" data-src=\"https:\/\/i1.wp.com\/fotogasteiz.com\/blog\/wp-content\/plugins\/mesmerize-companion\/theme-data\/mesmerize\/sections\/images\/apple-1838564.jpg?w=3840&amp;ssl=1\" data-was-processed=\"true\" title=\"weegee retrato hasselblad\" alt=\"\"><\/div> <div  class=\"col-sm-6\" data-type=\"column\"><p  class=\"lead\"><span  style=\"font-family: Muli, arial, helvetica, sans-serif; font-weight: 900; color: rgb(255, 51, 105);\">BIOGRAF\u00cdA DE WEEGEE<\/span><\/p><h2  class=\"\"><span  style=\"font-family: &quot;Playfair Display&quot;, arial, helvetica, sans-serif; color: rgb(0, 0, 0);\">Regreso a Nueva York&nbsp;<\/span><\/h2> <p  class=\"\"><span  style=\"font-family: Muli, arial, helvetica, sans-serif; color: rgb(52, 58, 64);\">Finalmente, en 1952, <span style=\"font-weight: 900;\" >Weegee<\/span> regres\u00f3 a la ciudad de Nueva York. La ciudad que una vez conoci\u00f3 hab\u00eda cambiado. La ciudad era vibrante, m\u00e1s organizada y la polic\u00eda hab\u00eda limpiado las calles. Ya no era el paisaje desordenado que hab\u00eda conocido en las d\u00e9cadas de 1920, 1930 y 1940. \n<br ><br >Weegee permaneci\u00f3 en la ciudad de Nueva York hasta su muerte en el invierno de 1968.\n<\/span><\/p> <\/div> <\/div><\/div> <\/div>","protected":false},"excerpt":{"rendered":"<p>GRANDES FOT\u00d3GRAFOS Y FOT\u00d3GRAFASVIDA \u2013 OBRA \u2013 BIOGRAF\u00cdAWeegee (Usher Fellig) Lorem ipsum dolor sit amet, consectetur adipisicing elit, sed do eiusmod tempor incididunt ut labore et dolore magna aliqua. Ut enim ad minim veniam, quis nostrud exercitation ullamco laboris nisi ut aliquip ex ea commodo consequat. \u00daltima actualizaci\u00f3n: noviembre 2021 \u00abEs excitante. Es peligroso. Es&hellip; <br \/> <a class=\"read-more\" href=\"https:\/\/fotogasteiz.com\/blog\/fotografos\/weegee-usher-fellig-vida-obra-biografia\/\">Read more<\/a><\/p>\n","protected":false},"author":1,"featured_media":0,"parent":1689,"menu_order":0,"comment_status":"closed","ping_status":"closed","template":"pro\/page-templates\/full-width-page.php","meta":{"footnotes":""},"class_list":["post-16081","page","type-page","status-publish","hentry"],"yoast_head":"<!-- This site is optimized with the Yoast SEO Premium plugin v22.5 (Yoast SEO v27.5) - https:\/\/yoast.com\/product\/yoast-seo-premium-wordpress\/ -->\n<title>Weegee (Usher Fellig) - Profesor de fotograf\u00eda<\/title>\n<meta name=\"robots\" content=\"index, follow, max-snippet:-1, max-image-preview:large, max-video-preview:-1\" \/>\n<link rel=\"canonical\" href=\"https:\/\/fotogasteiz.com\/blog\/fotografos\/weegee-usher-fellig-vida-obra-biografia\/\" \/>\n<meta property=\"og:locale\" content=\"es_ES\" \/>\n<meta property=\"og:type\" content=\"article\" \/>\n<meta property=\"og:title\" content=\"Weegee (Usher Fellig)\" \/>\n<meta property=\"og:description\" content=\"GRANDES FOT\u00d3GRAFOS Y FOT\u00d3GRAFASVIDA \u2013 OBRA \u2013 BIOGRAF\u00cdAWeegee (Usher Fellig) Lorem ipsum dolor sit amet, consectetur adipisicing elit, sed do eiusmod tempor incididunt ut labore et dolore magna aliqua. Ut enim ad minim veniam, quis nostrud exercitation ullamco laboris nisi ut aliquip ex ea commodo consequat. \u00daltima actualizaci\u00f3n: noviembre 2021 \u00abEs excitante. Es peligroso. Es&hellip; Read more\" \/>\n<meta property=\"og:url\" content=\"https:\/\/fotogasteiz.com\/blog\/fotografos\/weegee-usher-fellig-vida-obra-biografia\/\" \/>\n<meta property=\"og:site_name\" content=\"Profesor de fotograf\u00eda\" \/>\n<meta property=\"article:modified_time\" content=\"2021-11-11T13:24:37+00:00\" \/>\n<meta property=\"og:image\" content=\"https:\/\/fotogasteiz.com\/blog\/wp-content\/uploads\/2021\/11\/weegee-manifestacion.jpeg\" \/>\n<meta name=\"twitter:card\" content=\"summary_large_image\" \/>\n<meta name=\"twitter:label1\" content=\"Tiempo de lectura\" \/>\n\t<meta name=\"twitter:data1\" content=\"4 minutos\" \/>\n<script type=\"application\/ld+json\" class=\"yoast-schema-graph\">{\"@context\":\"https:\\\/\\\/schema.org\",\"@graph\":[{\"@type\":\"WebPage\",\"@id\":\"https:\\\/\\\/fotogasteiz.com\\\/blog\\\/fotografos\\\/weegee-usher-fellig-vida-obra-biografia\\\/\",\"url\":\"https:\\\/\\\/fotogasteiz.com\\\/blog\\\/fotografos\\\/weegee-usher-fellig-vida-obra-biografia\\\/\",\"name\":\"Weegee (Usher Fellig) - Profesor de fotograf\u00eda\",\"isPartOf\":{\"@id\":\"https:\\\/\\\/fotogasteiz.com\\\/blog\\\/#website\"},\"primaryImageOfPage\":{\"@id\":\"https:\\\/\\\/fotogasteiz.com\\\/blog\\\/fotografos\\\/weegee-usher-fellig-vida-obra-biografia\\\/#primaryimage\"},\"image\":{\"@id\":\"https:\\\/\\\/fotogasteiz.com\\\/blog\\\/fotografos\\\/weegee-usher-fellig-vida-obra-biografia\\\/#primaryimage\"},\"thumbnailUrl\":\"https:\\\/\\\/fotogasteiz.com\\\/blog\\\/wp-content\\\/uploads\\\/2021\\\/11\\\/weegee-manifestacion.jpeg\",\"datePublished\":\"2021-11-11T12:27:56+00:00\",\"dateModified\":\"2021-11-11T13:24:37+00:00\",\"breadcrumb\":{\"@id\":\"https:\\\/\\\/fotogasteiz.com\\\/blog\\\/fotografos\\\/weegee-usher-fellig-vida-obra-biografia\\\/#breadcrumb\"},\"inLanguage\":\"es\",\"potentialAction\":[{\"@type\":\"ReadAction\",\"target\":[\"https:\\\/\\\/fotogasteiz.com\\\/blog\\\/fotografos\\\/weegee-usher-fellig-vida-obra-biografia\\\/\"]}]},{\"@type\":\"ImageObject\",\"inLanguage\":\"es\",\"@id\":\"https:\\\/\\\/fotogasteiz.com\\\/blog\\\/fotografos\\\/weegee-usher-fellig-vida-obra-biografia\\\/#primaryimage\",\"url\":\"https:\\\/\\\/fotogasteiz.com\\\/blog\\\/wp-content\\\/uploads\\\/2021\\\/11\\\/weegee-manifestacion.jpeg\",\"contentUrl\":\"https:\\\/\\\/fotogasteiz.com\\\/blog\\\/wp-content\\\/uploads\\\/2021\\\/11\\\/weegee-manifestacion.jpeg\",\"width\":611,\"height\":799},{\"@type\":\"BreadcrumbList\",\"@id\":\"https:\\\/\\\/fotogasteiz.com\\\/blog\\\/fotografos\\\/weegee-usher-fellig-vida-obra-biografia\\\/#breadcrumb\",\"itemListElement\":[{\"@type\":\"ListItem\",\"position\":1,\"name\":\"Portada\",\"item\":\"https:\\\/\\\/fotogasteiz.com\\\/blog\\\/\"},{\"@type\":\"ListItem\",\"position\":2,\"name\":\"Fot\u00f3grafos y fot\u00f3grafas (biograf\u00edas)\",\"item\":\"https:\\\/\\\/fotogasteiz.com\\\/blog\\\/fotografos\\\/\"},{\"@type\":\"ListItem\",\"position\":3,\"name\":\"Weegee (Usher Fellig)\"}]},{\"@type\":\"WebSite\",\"@id\":\"https:\\\/\\\/fotogasteiz.com\\\/blog\\\/#website\",\"url\":\"https:\\\/\\\/fotogasteiz.com\\\/blog\\\/\",\"name\":\"Profesor de fotograf\u00eda\",\"description\":\"por Gustavo Bravo\",\"potentialAction\":[{\"@type\":\"SearchAction\",\"target\":{\"@type\":\"EntryPoint\",\"urlTemplate\":\"https:\\\/\\\/fotogasteiz.com\\\/blog\\\/?s={search_term_string}\"},\"query-input\":{\"@type\":\"PropertyValueSpecification\",\"valueRequired\":true,\"valueName\":\"search_term_string\"}}],\"inLanguage\":\"es\"}]}<\/script>\n<!-- \/ Yoast SEO Premium plugin. -->","yoast_head_json":{"title":"Weegee (Usher Fellig) - Profesor de fotograf\u00eda","robots":{"index":"index","follow":"follow","max-snippet":"max-snippet:-1","max-image-preview":"max-image-preview:large","max-video-preview":"max-video-preview:-1"},"canonical":"https:\/\/fotogasteiz.com\/blog\/fotografos\/weegee-usher-fellig-vida-obra-biografia\/","og_locale":"es_ES","og_type":"article","og_title":"Weegee (Usher Fellig)","og_description":"GRANDES FOT\u00d3GRAFOS Y FOT\u00d3GRAFASVIDA \u2013 OBRA \u2013 BIOGRAF\u00cdAWeegee (Usher Fellig) Lorem ipsum dolor sit amet, consectetur adipisicing elit, sed do eiusmod tempor incididunt ut labore et dolore magna aliqua. Ut enim ad minim veniam, quis nostrud exercitation ullamco laboris nisi ut aliquip ex ea commodo consequat. \u00daltima actualizaci\u00f3n: noviembre 2021 \u00abEs excitante. Es peligroso. Es&hellip; Read more","og_url":"https:\/\/fotogasteiz.com\/blog\/fotografos\/weegee-usher-fellig-vida-obra-biografia\/","og_site_name":"Profesor de fotograf\u00eda","article_modified_time":"2021-11-11T13:24:37+00:00","og_image":[{"url":"https:\/\/fotogasteiz.com\/blog\/wp-content\/uploads\/2021\/11\/weegee-manifestacion.jpeg","type":"","width":"","height":""}],"twitter_card":"summary_large_image","twitter_misc":{"Tiempo de lectura":"4 minutos"},"schema":{"@context":"https:\/\/schema.org","@graph":[{"@type":"WebPage","@id":"https:\/\/fotogasteiz.com\/blog\/fotografos\/weegee-usher-fellig-vida-obra-biografia\/","url":"https:\/\/fotogasteiz.com\/blog\/fotografos\/weegee-usher-fellig-vida-obra-biografia\/","name":"Weegee (Usher Fellig) - Profesor de fotograf\u00eda","isPartOf":{"@id":"https:\/\/fotogasteiz.com\/blog\/#website"},"primaryImageOfPage":{"@id":"https:\/\/fotogasteiz.com\/blog\/fotografos\/weegee-usher-fellig-vida-obra-biografia\/#primaryimage"},"image":{"@id":"https:\/\/fotogasteiz.com\/blog\/fotografos\/weegee-usher-fellig-vida-obra-biografia\/#primaryimage"},"thumbnailUrl":"https:\/\/fotogasteiz.com\/blog\/wp-content\/uploads\/2021\/11\/weegee-manifestacion.jpeg","datePublished":"2021-11-11T12:27:56+00:00","dateModified":"2021-11-11T13:24:37+00:00","breadcrumb":{"@id":"https:\/\/fotogasteiz.com\/blog\/fotografos\/weegee-usher-fellig-vida-obra-biografia\/#breadcrumb"},"inLanguage":"es","potentialAction":[{"@type":"ReadAction","target":["https:\/\/fotogasteiz.com\/blog\/fotografos\/weegee-usher-fellig-vida-obra-biografia\/"]}]},{"@type":"ImageObject","inLanguage":"es","@id":"https:\/\/fotogasteiz.com\/blog\/fotografos\/weegee-usher-fellig-vida-obra-biografia\/#primaryimage","url":"https:\/\/fotogasteiz.com\/blog\/wp-content\/uploads\/2021\/11\/weegee-manifestacion.jpeg","contentUrl":"https:\/\/fotogasteiz.com\/blog\/wp-content\/uploads\/2021\/11\/weegee-manifestacion.jpeg","width":611,"height":799},{"@type":"BreadcrumbList","@id":"https:\/\/fotogasteiz.com\/blog\/fotografos\/weegee-usher-fellig-vida-obra-biografia\/#breadcrumb","itemListElement":[{"@type":"ListItem","position":1,"name":"Portada","item":"https:\/\/fotogasteiz.com\/blog\/"},{"@type":"ListItem","position":2,"name":"Fot\u00f3grafos y fot\u00f3grafas (biograf\u00edas)","item":"https:\/\/fotogasteiz.com\/blog\/fotografos\/"},{"@type":"ListItem","position":3,"name":"Weegee (Usher Fellig)"}]},{"@type":"WebSite","@id":"https:\/\/fotogasteiz.com\/blog\/#website","url":"https:\/\/fotogasteiz.com\/blog\/","name":"Profesor de fotograf\u00eda","description":"por Gustavo Bravo","potentialAction":[{"@type":"SearchAction","target":{"@type":"EntryPoint","urlTemplate":"https:\/\/fotogasteiz.com\/blog\/?s={search_term_string}"},"query-input":{"@type":"PropertyValueSpecification","valueRequired":true,"valueName":"search_term_string"}}],"inLanguage":"es"}]}},"_links":{"self":[{"href":"https:\/\/fotogasteiz.com\/blog\/wp-json\/wp\/v2\/pages\/16081","targetHints":{"allow":["GET"]}}],"collection":[{"href":"https:\/\/fotogasteiz.com\/blog\/wp-json\/wp\/v2\/pages"}],"about":[{"href":"https:\/\/fotogasteiz.com\/blog\/wp-json\/wp\/v2\/types\/page"}],"author":[{"embeddable":true,"href":"https:\/\/fotogasteiz.com\/blog\/wp-json\/wp\/v2\/users\/1"}],"replies":[{"embeddable":true,"href":"https:\/\/fotogasteiz.com\/blog\/wp-json\/wp\/v2\/comments?post=16081"}],"version-history":[{"count":14,"href":"https:\/\/fotogasteiz.com\/blog\/wp-json\/wp\/v2\/pages\/16081\/revisions"}],"predecessor-version":[{"id":16122,"href":"https:\/\/fotogasteiz.com\/blog\/wp-json\/wp\/v2\/pages\/16081\/revisions\/16122"}],"up":[{"embeddable":true,"href":"https:\/\/fotogasteiz.com\/blog\/wp-json\/wp\/v2\/pages\/1689"}],"wp:attachment":[{"href":"https:\/\/fotogasteiz.com\/blog\/wp-json\/wp\/v2\/media?parent=16081"}],"curies":[{"name":"wp","href":"https:\/\/api.w.org\/{rel}","templated":true}]}}