{"id":2796,"date":"2017-08-11T11:21:08","date_gmt":"2017-08-11T11:21:08","guid":{"rendered":"http:\/\/fotogasteiz.com\/blog\/?page_id=2796"},"modified":"2019-02-25T19:40:35","modified_gmt":"2019-02-25T19:40:35","slug":"berenice-abbott-vida-obra-biografia","status":"publish","type":"page","link":"https:\/\/fotogasteiz.com\/blog\/fotografos\/berenice-abbott-vida-obra-biografia\/","title":{"rendered":"Berenice Abbott"},"content":{"rendered":"<p><strong><img decoding=\"async\" class=\"size-full wp-image-2806 alignleft lazyload\" data-src=\"http:\/\/fotogasteiz.com\/blog\/wp-content\/uploads\/2017\/08\/91F424F1-DB96-450B-8A10-297EF7349330-200-000000319B8B990F.jpeg\" alt=\"Berenice abbott\" width=\"250\" data-srcset=\"https:\/\/fotogasteiz.com\/blog\/wp-content\/uploads\/2017\/08\/91F424F1-DB96-450B-8A10-297EF7349330-200-000000319B8B990F.jpeg 900w, https:\/\/fotogasteiz.com\/blog\/wp-content\/smush-avif\/2017\/08\/91F424F1-DB96-450B-8A10-297EF7349330-200-000000319B8B990F-300x250.jpeg.avif 300w, https:\/\/fotogasteiz.com\/blog\/wp-content\/smush-avif\/2017\/08\/91F424F1-DB96-450B-8A10-297EF7349330-200-000000319B8B990F-768x640.jpeg.avif 768w, https:\/\/fotogasteiz.com\/blog\/wp-content\/smush-avif\/2017\/08\/91F424F1-DB96-450B-8A10-297EF7349330-200-000000319B8B990F-508x423.jpeg.avif 508w\" data-sizes=\"(max-width: 900px) 100vw, 900px\" src=\"data:image\/svg+xml;base64,PHN2ZyB3aWR0aD0iMSIgaGVpZ2h0PSIxIiB4bWxucz0iaHR0cDovL3d3dy53My5vcmcvMjAwMC9zdmciPjwvc3ZnPg==\" \/>Berenice Abbott<\/strong> es una de las fot\u00f3grafas m\u00e1s polifac\u00e9ticas de la historia, capaz de saltar de sujetos de estudio tan dispares comos los rascacielos de Nueva York a ilustrar con fotograf\u00edas leyes fundamentales de la F\u00edsica.<\/p>\n<p>Aunque empez\u00f3 haciendo retratos, su vida art\u00edstica evolucion\u00f3 con sus inquietudes y su fotograf\u00eda sent\u00f3 las bases de todas las disciplinas con las que experiment\u00f3.<\/p>\n<p>Adem\u00e1s, su legado no se limita a sus fotograf\u00edas, ya que gracias a ella se descubri\u00f3 la obra de <a href=\"http:\/\/fotogasteiz.com\/blog\/fotografos\/eugene-atget-vida-obra-biografia\/\" target=\"_blank\" rel=\"noopener\"><strong>Eug\u00e8ne Atget<\/strong><\/a>.<\/p>\n<p><b>Biograf\u00eda <\/b><\/p>\n<p>Nace el 17 de julio de 1898 en Springfield, Ohio.<\/p>\n<p>En 1917 empieza sus estudios de periodismo en la Universidad Estatal de Ohio.<\/p>\n<p>En 1918 deja sus estudios para vivir en Nueva York, donde se mueve por el entorno de Greenwich Village (gran \u00e1rea residencial del lado oeste de Manhattan), con la idea de ser escultora.<\/p>\n<p>En 1921 viaja a Par\u00eds para estudiar Escultura. Entra a formar parte de <strong>Eldorado<\/strong>, un grupo de artistas americanos en Par\u00eds y entra en contacto con los Surrealistas.<\/p>\n<blockquote><p>Una vez en Par\u00eds, se cambia el nombre de Bernice a Berenice (versi\u00f3n francesa).<\/p><\/blockquote>\n<p>Tras dos a\u00f1os entre Berl\u00edn y Par\u00eds form\u00e1ndose como escultora, se convierte en ayudante de laboratorio de <strong>Man Ray<\/strong>, quien se sabe que la contrat\u00f3 por no tener ninguna experiencia, de manera que \u00e9ste pudiera moldearla en la impresi\u00f3n fotogr\u00e1fica bajo sus propios m\u00e9todos y directrices.<\/p>\n<p>La clientela eran principalmente turistas americanos pero el estudio de <strong>Ray<\/strong> fue tambi\u00e9n la cuna del surrealismo fotogr\u00e1fico.<\/p>\n<p>Entre 1923 y 1926 Abbott fue iniciada en la impresi\u00f3n y en la fotograf\u00eda de estudio.<\/p>\n<p>Mientras, Abbott utiliz\u00f3 el estudio de<strong> Man Ray<\/strong> para sus retratos hasta 1926, a\u00f1o en el que abre el suyo propio con la ayuda financiera de <strong>Peggy Guggenheim<\/strong>.<\/p>\n<p>Se especializ\u00f3 en el mundo art\u00edstico, fotografiando a escritores y artistas incipientes franceses y americanos que necesitaban un retrato para promover su obra en los escaparates. Fotografi\u00f3, entre otros, a <strong>James Joyce<\/strong> o <strong>Andr\u00e9 Gide<\/strong>.<\/p>\n<p><img decoding=\"async\" class=\"alignnone size-full wp-image-2819 lazyload\" data-src=\"http:\/\/fotogasteiz.com\/blog\/wp-content\/uploads\/2017\/08\/3AD23D07-E694-4E0C-BC53-C1135FDF1329-200-0000003E817DAF39.jpeg\" alt=\"3AD23D07-E694-4E0C-BC53-C1135FDF1329-200-0000003E817DAF39\" width=\"768\" height=\"967\" data-srcset=\"https:\/\/fotogasteiz.com\/blog\/wp-content\/uploads\/2017\/08\/3AD23D07-E694-4E0C-BC53-C1135FDF1329-200-0000003E817DAF39.jpeg 768w, https:\/\/fotogasteiz.com\/blog\/wp-content\/smush-avif\/2017\/08\/3AD23D07-E694-4E0C-BC53-C1135FDF1329-200-0000003E817DAF39-238x300.jpeg.avif 238w, https:\/\/fotogasteiz.com\/blog\/wp-content\/smush-avif\/2017\/08\/3AD23D07-E694-4E0C-BC53-C1135FDF1329-200-0000003E817DAF39-508x640.jpeg.avif 508w\" data-sizes=\"(max-width: 768px) 100vw, 768px\" src=\"data:image\/svg+xml;base64,PHN2ZyB3aWR0aD0iMSIgaGVpZ2h0PSIxIiB4bWxucz0iaHR0cDovL3d3dy53My5vcmcvMjAwMC9zdmciPjwvc3ZnPg==\" style=\"--smush-placeholder-width: 768px; --smush-placeholder-aspect-ratio: 768\/967;\" \/><\/p>\n<p>Ella y Ray fueron los fot\u00f3grafos oficiales de <strong>Sylvia Beach<\/strong>, propietaria de <strong>Shakespeare and Company<\/strong>.<\/p>\n<blockquote><p>B\u00e1sicamente, si quer\u00edas ser literato y <strong>Abbott<\/strong> te fotografiaba te convert\u00edas en alguien.<\/p><\/blockquote>\n<p>Sus fotograf\u00edas m\u00e1s personales ten\u00edan trazas de surrealismo, con distorsiones o dobles exposiciones, y las mujeres eran representadas con una sexualidad ambigua o andr\u00f3gina.<\/p>\n<p>Los fondos se reduc\u00edan al m\u00ednimo, una pared neutra en la que solo quedaba el protagonista con su expresi\u00f3n desconcertante y la luz pod\u00eda ser muy difusa o muy dram\u00e1tica para marcar las sombras al m\u00e1ximo.<\/p>\n<blockquote><p>Sus retratos llegaron a ser publicados en los a\u00f1os 20 en revistas como <em><strong>Vogue, Vu <\/strong><\/em>o<em><strong> The Little Review<\/strong><\/em>.<\/p><\/blockquote>\n<p>En 1927 fotograf\u00eda a <strong><a href=\"http:\/\/fotogasteiz.com\/blog\/fotografos\/eugene-atget-vida-obra-biografia\/\" target=\"_blank\" rel=\"noopener\">Eugene Atget<\/a><\/strong> en su estudio y en 1928 compra un lote de sus fotograf\u00edas a <strong>Andr\u00e9 Calmettes<\/strong>, director del teatro municipal de Estrasburgo.<\/p>\n<p>Entre 1928 y 1929 Abbott va a participar en numerosas exposiciones y publicaciones de fotograf\u00eda contempor\u00e1nea por iniciativa propia, presentando su trabajo y el de Atget, entre las que destaca la de <strong>Film and Foto<\/strong> de Stuttgart.<\/p>\n<p>En febrero de 1929 Abbot deja Par\u00eds y marcha a Nueva York para iniciar el mismo camino: abrir un estudio de retrato, participar en las exposiciones de fotograf\u00eda modernista y la glorificaci\u00f3n de <strong>Atget<\/strong>.<\/p>\n<p>Para estas fechas ya es una fot\u00f3grafa conocida y solicitada, y su especializaci\u00f3n en los retratos le sirvi\u00f3 para seguir publicando en revistas como <strong><em>Fortune<\/em><\/strong>.<\/p>\n<p>Abbott y <strong>Julien Levy<\/strong> trabajaron con las instituciones y museos para que consideraran a la fotograf\u00eda como un arte en s\u00ed misma.<\/p>\n<p>En oto\u00f1o de 1932 Abbott compone su primera exposici\u00f3n personal en solitario: <em><strong>Photographs by Berenice Abbott<\/strong><\/em>, con retratos y vistas de la ciudad, en la galer\u00eda de <strong>Levy<\/strong>.<\/p>\n<p>Tras recorrerse todas las instituciones de la ciudad, Abbott consigue financiaci\u00f3n de la <strong>Federal Art Proyect<\/strong> en 1935, una de las muchas instituciones adscritas al programa de revalorizaci\u00f3n social y econ\u00f3mica a trav\u00e9s del arte de la administraci\u00f3n Roosvelt.<\/p>\n<p>Entre 1935 y 1939 Abbott concentra todas sus energ\u00edas en fotografiar la ciudad para el que ser\u00eda su libro <em><strong>Changing New York<\/strong><\/em>, con una c\u00e1mara de gran formato de 18&#215;24 como la de <strong>Atget<\/strong>.<\/p>\n<p><img decoding=\"async\" class=\"alignnone size-full wp-image-2821 lazyload\" data-src=\"http:\/\/fotogasteiz.com\/blog\/wp-content\/uploads\/2017\/08\/ECE17DA2-4EEC-4813-A530-35A9FC5773C5-200-0000003F434621E4.jpeg\" alt=\"ECE17DA2-4EEC-4813-A530-35A9FC5773C5-200-0000003F434621E4\" width=\"988\" height=\"800\" data-srcset=\"https:\/\/fotogasteiz.com\/blog\/wp-content\/uploads\/2017\/08\/ECE17DA2-4EEC-4813-A530-35A9FC5773C5-200-0000003F434621E4.jpeg 988w, https:\/\/fotogasteiz.com\/blog\/wp-content\/smush-avif\/2017\/08\/ECE17DA2-4EEC-4813-A530-35A9FC5773C5-200-0000003F434621E4-300x243.jpeg.avif 300w, https:\/\/fotogasteiz.com\/blog\/wp-content\/smush-avif\/2017\/08\/ECE17DA2-4EEC-4813-A530-35A9FC5773C5-200-0000003F434621E4-768x622.jpeg.avif 768w, https:\/\/fotogasteiz.com\/blog\/wp-content\/smush-avif\/2017\/08\/ECE17DA2-4EEC-4813-A530-35A9FC5773C5-200-0000003F434621E4-508x411.jpeg.avif 508w\" data-sizes=\"(max-width: 988px) 100vw, 988px\" src=\"data:image\/svg+xml;base64,PHN2ZyB3aWR0aD0iMSIgaGVpZ2h0PSIxIiB4bWxucz0iaHR0cDovL3d3dy53My5vcmcvMjAwMC9zdmciPjwvc3ZnPg==\" style=\"--smush-placeholder-width: 988px; --smush-placeholder-aspect-ratio: 988\/800;\" \/><\/p>\n<p>El libro fue editado en 1939 con la introducci\u00f3n de la distinguida cr\u00edtica de arte<strong> Elizabeth McCausland<\/strong>.<\/p>\n<p>Se sabe que sigui\u00f3 fotografiando Nueva York hasta 1956.<\/p>\n<p>En el verano de 1935, Abbott viaj\u00f3 a trav\u00e9s de Ohio, Pennsylvania y el Sur profundo, para producir una serie de fotograf\u00edas bajo el encargo de la <strong>Farm Security Administration<\/strong> con la idea de mostrar una versi\u00f3n m\u00e1s optimista de un mundo rural en crisis.<\/p>\n<p>Este viaje lo hizo en compa\u00f1\u00eda de la cr\u00edtica de arte <strong>Elizabeth McCausland<\/strong> con la idea de hacer un ambicioso retrato de Am\u00e9rica en forma de libro para el que tom\u00f3 unas 200 fotograf\u00edas, aunque nunca lleg\u00f3 a ser publicado.<\/p>\n<p>Ocurri\u00f3 algo parecido con el proyecto de la <strong>Ruta 1<\/strong>: un viaje en carretera que hizo con un asistente por esta autopista que recorre toda la Costa Este americana y por la que condujo 6.500 Km fotografiando peque\u00f1os pueblos, retratos de agricultores y fotograf\u00edas de tiendas, bares y lugares de ocio, enfatizando la importancia del coche en la cultura norteamericana.<\/p>\n<p>Desde 1939 a 1961 Abbott produjo una serie de trabajos conocidos como sus fotograf\u00edas cient\u00edficas, con la idea de convertir la Fotograf\u00eda, no ya en un arte, sino en un puente entre los cient\u00edficos y lo que ella llamaba <em>los hombres de leyes<\/em>.<\/p>\n<blockquote><p>\u201cVivimos en un mundo hecho por ciencia, pero nosotros -los millones de hombres de leyes- no entendemos ni apreciamos el conocimientos que dictaminan el d\u00eda a d\u00eda\u00bb.<\/p><\/blockquote>\n<p>\u00abPara conseguir un apoyo general a la ciencia debe haber un interlocutor entre la ciencia y los hombres de leyes, y creo que la fotograf\u00eda puede ser ese interlocutor como ninguna otra forma art\u00edstica de expresi\u00f3n lo puede ser\u00bb.<\/p>\n<p>Curioso fue adem\u00e1s, que tras experimentar con las dobles exposiciones, los <em>collages<\/em> y las distorsiones del surrealismo y la fotograf\u00eda urbana, Abbott catalogara sus fotograf\u00edas cient\u00edficas como las m\u00e1s realistas.<\/p>\n<p>En septiembre de 1944, la revista <strong><em>Science Illustrated<\/em><\/strong> la contrata como encargada de fotograf\u00eda y un a\u00f1o despu\u00e9s su fotograf\u00eda \u2018burbujas de jab\u00f3n\u2019 ser\u00eda publicada en la revista, convirti\u00e9ndose en una de las m\u00e1s famosas de la Historia.<\/p>\n<p><img decoding=\"async\" class=\"alignnone size-full wp-image-2817 lazyload\" data-src=\"http:\/\/fotogasteiz.com\/blog\/wp-content\/uploads\/2017\/08\/8045D88A-C568-4E47-8DBD-B97AEC084B3E-200-0000003C8A48F808.jpeg\" alt=\"56.1988\" width=\"1024\" height=\"810\" data-srcset=\"https:\/\/fotogasteiz.com\/blog\/wp-content\/uploads\/2017\/08\/8045D88A-C568-4E47-8DBD-B97AEC084B3E-200-0000003C8A48F808.jpeg 1024w, https:\/\/fotogasteiz.com\/blog\/wp-content\/smush-avif\/2017\/08\/8045D88A-C568-4E47-8DBD-B97AEC084B3E-200-0000003C8A48F808-300x237.jpeg.avif 300w, https:\/\/fotogasteiz.com\/blog\/wp-content\/smush-avif\/2017\/08\/8045D88A-C568-4E47-8DBD-B97AEC084B3E-200-0000003C8A48F808-768x608.jpeg.avif 768w, https:\/\/fotogasteiz.com\/blog\/wp-content\/smush-avif\/2017\/08\/8045D88A-C568-4E47-8DBD-B97AEC084B3E-200-0000003C8A48F808-508x402.jpeg.avif 508w\" data-sizes=\"(max-width: 1024px) 100vw, 1024px\" src=\"data:image\/svg+xml;base64,PHN2ZyB3aWR0aD0iMSIgaGVpZ2h0PSIxIiB4bWxucz0iaHR0cDovL3d3dy53My5vcmcvMjAwMC9zdmciPjwvc3ZnPg==\" style=\"--smush-placeholder-width: 1024px; --smush-placeholder-aspect-ratio: 1024\/810;\" \/><\/p>\n<p>Muere el 9 de diciembre de 1991, en Monson Maine.<\/p>\n<p>Su obra podr\u00e1 verse en Barcelona <a href=\"https:\/\/www.fundacionmapfre.org\/fundacion\/en\/exhibitions\/casa-garriga-nogues\/berenice-abbott.jsp\">del 20 de febrero al 19 de mayo de 2019 en la Fundaci\u00f3n Mapfre de la ciudad condal<\/a>.<\/p>\n<p><strong>*Art\u00edculo actualizado en febrero de 2019<\/strong><\/p>\n","protected":false},"excerpt":{"rendered":"<p>Berenice Abbott es una de las fot\u00f3grafas m\u00e1s polifac\u00e9ticas de la historia, capaz de saltar de sujetos de estudio tan dispares comos los rascacielos de Nueva York a ilustrar con fotograf\u00edas leyes fundamentales de la F\u00edsica. Aunque empez\u00f3 haciendo retratos, su vida art\u00edstica evolucion\u00f3 con sus inquietudes y su fotograf\u00eda sent\u00f3 las bases de todas&hellip; <br \/> <a class=\"read-more\" href=\"https:\/\/fotogasteiz.com\/blog\/fotografos\/berenice-abbott-vida-obra-biografia\/\">Read more<\/a><\/p>\n","protected":false},"author":1,"featured_media":2805,"parent":1689,"menu_order":0,"comment_status":"closed","ping_status":"closed","template":"","meta":{"footnotes":""},"class_list":["post-2796","page","type-page","status-publish","has-post-thumbnail","hentry"],"yoast_head":"<!-- This site is optimized with the Yoast SEO Premium plugin v22.5 (Yoast SEO v27.4) - https:\/\/yoast.com\/product\/yoast-seo-premium-wordpress\/ -->\n<title>Berenice Abbott - Profesor de fotograf\u00eda<\/title>\n<meta name=\"robots\" content=\"index, follow, max-snippet:-1, max-image-preview:large, max-video-preview:-1\" \/>\n<link rel=\"canonical\" href=\"https:\/\/fotogasteiz.com\/blog\/fotografos\/berenice-abbott-vida-obra-biografia\/\" \/>\n<meta property=\"og:locale\" content=\"es_ES\" \/>\n<meta property=\"og:type\" content=\"article\" \/>\n<meta property=\"og:title\" content=\"Berenice Abbott\" \/>\n<meta property=\"og:description\" content=\"Berenice Abbott es una de las fot\u00f3grafas m\u00e1s polifac\u00e9ticas de la historia, capaz de saltar de sujetos de estudio tan dispares comos los rascacielos de Nueva York a ilustrar con fotograf\u00edas leyes fundamentales de la F\u00edsica. Aunque empez\u00f3 haciendo retratos, su vida art\u00edstica evolucion\u00f3 con sus inquietudes y su fotograf\u00eda sent\u00f3 las bases de todas&hellip; Read more\" \/>\n<meta property=\"og:url\" content=\"https:\/\/fotogasteiz.com\/blog\/fotografos\/berenice-abbott-vida-obra-biografia\/\" \/>\n<meta property=\"og:site_name\" content=\"Profesor de fotograf\u00eda\" \/>\n<meta property=\"article:modified_time\" content=\"2019-02-25T19:40:35+00:00\" \/>\n<meta property=\"og:image\" content=\"https:\/\/i1.wp.com\/fotogasteiz.com\/blog\/wp-content\/uploads\/2017\/08\/EBEC978A-32DC-464F-A375-303141A75CA2-200-000000318CC5197E.jpeg?fit=777%2C982&ssl=1\" \/>\n\t<meta property=\"og:image:width\" content=\"777\" \/>\n\t<meta property=\"og:image:height\" content=\"982\" \/>\n\t<meta property=\"og:image:type\" content=\"image\/jpeg\" \/>\n<meta name=\"twitter:card\" content=\"summary_large_image\" \/>\n<meta name=\"twitter:label1\" content=\"Tiempo de lectura\" \/>\n\t<meta name=\"twitter:data1\" content=\"6 minutos\" \/>\n<script type=\"application\/ld+json\" class=\"yoast-schema-graph\">{\"@context\":\"https:\\\/\\\/schema.org\",\"@graph\":[{\"@type\":\"WebPage\",\"@id\":\"https:\\\/\\\/fotogasteiz.com\\\/blog\\\/fotografos\\\/berenice-abbott-vida-obra-biografia\\\/\",\"url\":\"https:\\\/\\\/fotogasteiz.com\\\/blog\\\/fotografos\\\/berenice-abbott-vida-obra-biografia\\\/\",\"name\":\"Berenice Abbott - Profesor de fotograf\u00eda\",\"isPartOf\":{\"@id\":\"https:\\\/\\\/fotogasteiz.com\\\/blog\\\/#website\"},\"primaryImageOfPage\":{\"@id\":\"https:\\\/\\\/fotogasteiz.com\\\/blog\\\/fotografos\\\/berenice-abbott-vida-obra-biografia\\\/#primaryimage\"},\"image\":{\"@id\":\"https:\\\/\\\/fotogasteiz.com\\\/blog\\\/fotografos\\\/berenice-abbott-vida-obra-biografia\\\/#primaryimage\"},\"thumbnailUrl\":\"https:\\\/\\\/fotogasteiz.com\\\/blog\\\/wp-content\\\/uploads\\\/2017\\\/08\\\/EBEC978A-32DC-464F-A375-303141A75CA2-200-000000318CC5197E.jpeg\",\"datePublished\":\"2017-08-11T11:21:08+00:00\",\"dateModified\":\"2019-02-25T19:40:35+00:00\",\"breadcrumb\":{\"@id\":\"https:\\\/\\\/fotogasteiz.com\\\/blog\\\/fotografos\\\/berenice-abbott-vida-obra-biografia\\\/#breadcrumb\"},\"inLanguage\":\"es\",\"potentialAction\":[{\"@type\":\"ReadAction\",\"target\":[\"https:\\\/\\\/fotogasteiz.com\\\/blog\\\/fotografos\\\/berenice-abbott-vida-obra-biografia\\\/\"]}]},{\"@type\":\"ImageObject\",\"inLanguage\":\"es\",\"@id\":\"https:\\\/\\\/fotogasteiz.com\\\/blog\\\/fotografos\\\/berenice-abbott-vida-obra-biografia\\\/#primaryimage\",\"url\":\"https:\\\/\\\/fotogasteiz.com\\\/blog\\\/wp-content\\\/uploads\\\/2017\\\/08\\\/EBEC978A-32DC-464F-A375-303141A75CA2-200-000000318CC5197E.jpeg\",\"contentUrl\":\"https:\\\/\\\/fotogasteiz.com\\\/blog\\\/wp-content\\\/uploads\\\/2017\\\/08\\\/EBEC978A-32DC-464F-A375-303141A75CA2-200-000000318CC5197E.jpeg\",\"width\":777,\"height\":982},{\"@type\":\"BreadcrumbList\",\"@id\":\"https:\\\/\\\/fotogasteiz.com\\\/blog\\\/fotografos\\\/berenice-abbott-vida-obra-biografia\\\/#breadcrumb\",\"itemListElement\":[{\"@type\":\"ListItem\",\"position\":1,\"name\":\"Portada\",\"item\":\"https:\\\/\\\/fotogasteiz.com\\\/blog\\\/\"},{\"@type\":\"ListItem\",\"position\":2,\"name\":\"Fot\u00f3grafos y fot\u00f3grafas (biograf\u00edas)\",\"item\":\"https:\\\/\\\/fotogasteiz.com\\\/blog\\\/fotografos\\\/\"},{\"@type\":\"ListItem\",\"position\":3,\"name\":\"Berenice Abbott\"}]},{\"@type\":\"WebSite\",\"@id\":\"https:\\\/\\\/fotogasteiz.com\\\/blog\\\/#website\",\"url\":\"https:\\\/\\\/fotogasteiz.com\\\/blog\\\/\",\"name\":\"Profesor de fotograf\u00eda\",\"description\":\"por Gustavo Bravo\",\"potentialAction\":[{\"@type\":\"SearchAction\",\"target\":{\"@type\":\"EntryPoint\",\"urlTemplate\":\"https:\\\/\\\/fotogasteiz.com\\\/blog\\\/?s={search_term_string}\"},\"query-input\":{\"@type\":\"PropertyValueSpecification\",\"valueRequired\":true,\"valueName\":\"search_term_string\"}}],\"inLanguage\":\"es\"}]}<\/script>\n<!-- \/ Yoast SEO Premium plugin. -->","yoast_head_json":{"title":"Berenice Abbott - Profesor de fotograf\u00eda","robots":{"index":"index","follow":"follow","max-snippet":"max-snippet:-1","max-image-preview":"max-image-preview:large","max-video-preview":"max-video-preview:-1"},"canonical":"https:\/\/fotogasteiz.com\/blog\/fotografos\/berenice-abbott-vida-obra-biografia\/","og_locale":"es_ES","og_type":"article","og_title":"Berenice Abbott","og_description":"Berenice Abbott es una de las fot\u00f3grafas m\u00e1s polifac\u00e9ticas de la historia, capaz de saltar de sujetos de estudio tan dispares comos los rascacielos de Nueva York a ilustrar con fotograf\u00edas leyes fundamentales de la F\u00edsica. Aunque empez\u00f3 haciendo retratos, su vida art\u00edstica evolucion\u00f3 con sus inquietudes y su fotograf\u00eda sent\u00f3 las bases de todas&hellip; Read more","og_url":"https:\/\/fotogasteiz.com\/blog\/fotografos\/berenice-abbott-vida-obra-biografia\/","og_site_name":"Profesor de fotograf\u00eda","article_modified_time":"2019-02-25T19:40:35+00:00","og_image":[{"width":777,"height":982,"url":"https:\/\/i1.wp.com\/fotogasteiz.com\/blog\/wp-content\/uploads\/2017\/08\/EBEC978A-32DC-464F-A375-303141A75CA2-200-000000318CC5197E.jpeg?fit=777%2C982&ssl=1","type":"image\/jpeg"}],"twitter_card":"summary_large_image","twitter_misc":{"Tiempo de lectura":"6 minutos"},"schema":{"@context":"https:\/\/schema.org","@graph":[{"@type":"WebPage","@id":"https:\/\/fotogasteiz.com\/blog\/fotografos\/berenice-abbott-vida-obra-biografia\/","url":"https:\/\/fotogasteiz.com\/blog\/fotografos\/berenice-abbott-vida-obra-biografia\/","name":"Berenice Abbott - Profesor de fotograf\u00eda","isPartOf":{"@id":"https:\/\/fotogasteiz.com\/blog\/#website"},"primaryImageOfPage":{"@id":"https:\/\/fotogasteiz.com\/blog\/fotografos\/berenice-abbott-vida-obra-biografia\/#primaryimage"},"image":{"@id":"https:\/\/fotogasteiz.com\/blog\/fotografos\/berenice-abbott-vida-obra-biografia\/#primaryimage"},"thumbnailUrl":"https:\/\/fotogasteiz.com\/blog\/wp-content\/uploads\/2017\/08\/EBEC978A-32DC-464F-A375-303141A75CA2-200-000000318CC5197E.jpeg","datePublished":"2017-08-11T11:21:08+00:00","dateModified":"2019-02-25T19:40:35+00:00","breadcrumb":{"@id":"https:\/\/fotogasteiz.com\/blog\/fotografos\/berenice-abbott-vida-obra-biografia\/#breadcrumb"},"inLanguage":"es","potentialAction":[{"@type":"ReadAction","target":["https:\/\/fotogasteiz.com\/blog\/fotografos\/berenice-abbott-vida-obra-biografia\/"]}]},{"@type":"ImageObject","inLanguage":"es","@id":"https:\/\/fotogasteiz.com\/blog\/fotografos\/berenice-abbott-vida-obra-biografia\/#primaryimage","url":"https:\/\/fotogasteiz.com\/blog\/wp-content\/uploads\/2017\/08\/EBEC978A-32DC-464F-A375-303141A75CA2-200-000000318CC5197E.jpeg","contentUrl":"https:\/\/fotogasteiz.com\/blog\/wp-content\/uploads\/2017\/08\/EBEC978A-32DC-464F-A375-303141A75CA2-200-000000318CC5197E.jpeg","width":777,"height":982},{"@type":"BreadcrumbList","@id":"https:\/\/fotogasteiz.com\/blog\/fotografos\/berenice-abbott-vida-obra-biografia\/#breadcrumb","itemListElement":[{"@type":"ListItem","position":1,"name":"Portada","item":"https:\/\/fotogasteiz.com\/blog\/"},{"@type":"ListItem","position":2,"name":"Fot\u00f3grafos y fot\u00f3grafas (biograf\u00edas)","item":"https:\/\/fotogasteiz.com\/blog\/fotografos\/"},{"@type":"ListItem","position":3,"name":"Berenice Abbott"}]},{"@type":"WebSite","@id":"https:\/\/fotogasteiz.com\/blog\/#website","url":"https:\/\/fotogasteiz.com\/blog\/","name":"Profesor de fotograf\u00eda","description":"por Gustavo Bravo","potentialAction":[{"@type":"SearchAction","target":{"@type":"EntryPoint","urlTemplate":"https:\/\/fotogasteiz.com\/blog\/?s={search_term_string}"},"query-input":{"@type":"PropertyValueSpecification","valueRequired":true,"valueName":"search_term_string"}}],"inLanguage":"es"}]}},"_links":{"self":[{"href":"https:\/\/fotogasteiz.com\/blog\/wp-json\/wp\/v2\/pages\/2796","targetHints":{"allow":["GET"]}}],"collection":[{"href":"https:\/\/fotogasteiz.com\/blog\/wp-json\/wp\/v2\/pages"}],"about":[{"href":"https:\/\/fotogasteiz.com\/blog\/wp-json\/wp\/v2\/types\/page"}],"author":[{"embeddable":true,"href":"https:\/\/fotogasteiz.com\/blog\/wp-json\/wp\/v2\/users\/1"}],"replies":[{"embeddable":true,"href":"https:\/\/fotogasteiz.com\/blog\/wp-json\/wp\/v2\/comments?post=2796"}],"version-history":[{"count":21,"href":"https:\/\/fotogasteiz.com\/blog\/wp-json\/wp\/v2\/pages\/2796\/revisions"}],"predecessor-version":[{"id":8399,"href":"https:\/\/fotogasteiz.com\/blog\/wp-json\/wp\/v2\/pages\/2796\/revisions\/8399"}],"up":[{"embeddable":true,"href":"https:\/\/fotogasteiz.com\/blog\/wp-json\/wp\/v2\/pages\/1689"}],"wp:featuredmedia":[{"embeddable":true,"href":"https:\/\/fotogasteiz.com\/blog\/wp-json\/wp\/v2\/media\/2805"}],"wp:attachment":[{"href":"https:\/\/fotogasteiz.com\/blog\/wp-json\/wp\/v2\/media?parent=2796"}],"curies":[{"name":"wp","href":"https:\/\/api.w.org\/{rel}","templated":true}]}}